{"id":1548,"date":"2022-12-18T03:07:05","date_gmt":"2022-12-18T02:07:05","guid":{"rendered":"https:\/\/www.donaruce.cz\/?page_id=1548"},"modified":"2022-12-18T14:00:26","modified_gmt":"2022-12-18T13:00:26","slug":"volnocasove-aktivity-pro-deti","status":"publish","type":"page","link":"https:\/\/www.donaruce.cz\/?page_id=1548","title":{"rendered":"Volno\u010dasov\u00e9 aktivity pro d\u011bti"},"content":{"rendered":"<p>Nevybrali jste si z akc\u00ed pro d\u011bti, kter\u00e9 po\u0159\u00e1d\u00e1me?<\/p>\n<p>&nbsp;<br \/>\nPak m\u016f\u017eete vyu\u017e\u00edt <strong>nab\u00eddku akc\u00ed u jin\u00fdch organizac\u00ed<\/strong>.<\/p>\n<p>&nbsp;<br \/>\nPro inspiraci p\u0159in\u00e1\u0161\u00edme odkazy na organizace, zab\u00fdvaj\u00edc\u00ed se touto \u010dinnost\u00ed:<br \/>\n<em>(odkazy budeme dopl\u0148ovat pr\u016fb\u011b\u017en\u011b)<\/em><\/p>\n","protected":false},"excerpt":{"rendered":"<p class=\"excerpt\">Nevybrali jste si z akc\u00ed pro d\u011bti, kter\u00e9 po\u0159\u00e1d\u00e1me? &nbsp; Pak m\u016f\u017eete vyu\u017e\u00edt nab\u00eddku akc\u00ed u jin\u00fdch organizac\u00ed. &nbsp; Pro inspiraci p\u0159in\u00e1\u0161\u00edme odkazy na organizace, zab\u00fdvaj\u00edc\u00ed se touto \u010dinnost\u00ed: (odkazy budeme dopl\u0148ovat pr\u016fb\u011b\u017en\u011b) <a href=\"https:\/\/www.donaruce.cz\/?page_id=1548\">Read more &rarr;<\/a><\/p>\n","protected":false},"author":1,"featured_media":0,"parent":0,"menu_order":0,"comment_status":"closed","ping_status":"closed","template":"","meta":{"_monsterinsights_skip_tracking":false,"_monsterinsights_sitenote_active":false,"_monsterinsights_sitenote_note":"","_monsterinsights_sitenote_category":0,"footnotes":""},"class_list":["post-1548","page","type-page","status-publish","hentry","xfolkentry"],"_links":{"self":[{"href":"https:\/\/www.donaruce.cz\/index.php?rest_route=\/wp\/v2\/pages\/1548","targetHints":{"allow":["GET"]}}],"collection":[{"href":"https:\/\/www.donaruce.cz\/index.php?rest_route=\/wp\/v2\/pages"}],"about":[{"href":"https:\/\/www.donaruce.cz\/index.php?rest_route=\/wp\/v2\/types\/page"}],"author":[{"embeddable":true,"href":"https:\/\/www.donaruce.cz\/index.php?rest_route=\/wp\/v2\/users\/1"}],"replies":[{"embeddable":true,"href":"https:\/\/www.donaruce.cz\/index.php?rest_route=%2Fwp%2Fv2%2Fcomments&post=1548"}],"version-history":[{"count":7,"href":"https:\/\/www.donaruce.cz\/index.php?rest_route=\/wp\/v2\/pages\/1548\/revisions"}],"predecessor-version":[{"id":1563,"href":"https:\/\/www.donaruce.cz\/index.php?rest_route=\/wp\/v2\/pages\/1548\/revisions\/1563"}],"wp:attachment":[{"href":"https:\/\/www.donaruce.cz\/index.php?rest_route=%2Fwp%2Fv2%2Fmedia&parent=1548"}],"curies":[{"name":"wp","href":"https:\/\/api.w.org\/{rel}","templated":true}]}}