{"id":2,"date":"2016-06-15T20:33:09","date_gmt":"2016-06-15T19:33:09","guid":{"rendered":"http:\/\/www.donaruce.vs\/?page_id=2"},"modified":"2025-04-01T01:08:57","modified_gmt":"2025-04-01T00:08:57","slug":"zkusebni-stranka","status":"publish","type":"page","link":"https:\/\/www.donaruce.cz\/?page_id=2","title":{"rendered":"Kdo jsme a co d\u011bl\u00e1me :)"},"content":{"rendered":"<p>Jsme nov\u011b zalo\u017een\u00fd spolek (\u00fanor 2016), ve kter\u00e9m pracuj\u00ed zku\u0161en\u00ed pracovn\u00edci v oboru prov\u00e1zen\u00ed p\u011bstoun\u016f.<\/p>\n<p>Specializujeme se na doprov\u00e1zen\u00ed p\u011bstoun\u016f v r\u00e1mci Moravskoslezsk\u00e9ho kraje.<\/p>\n<p>Nab\u00edz\u00edme profesion\u00e1ln\u00ed, p\u0159\u00e1telsk\u00e9 a komplexn\u00ed slu\u017eby.<\/p>\n<p>Podpo\u0159\u00edme V\u00e1s na Va\u0161\u00ed cest\u011b p\u011bstouna.<\/p>\n<p>Poskytneme v\u0161e dle z\u00e1kona 359\/1999 o SPOD (akce pro d\u011bti;\u00a0soci\u00e1ln\u00ed, psychologick\u00e9 poradenstv\u00ed; pomoc p\u0159i kontaktu s biorodinou d\u00edt\u011bte;\u00a0vzd\u011bl\u00e1v\u00e1n\u00ed p\u011bstoun\u016f)\u00a0\u00a0 a je\u0161t\u011b v\u00edc.<\/p>\n<p>M\u00e1me zku\u0161enosti, otev\u0159en\u00e9 srdce, u\u0161i k naslouch\u00e1n\u00ed, ruce ku pomoci.<\/p>\n<p>Nev\u00e1hejte n\u00e1s kontaktovat &#8211; r\u00e1di se s V\u00e1mi osobn\u011b setk\u00e1me a sezn\u00e1m\u00edme V\u00e1s s na\u0161imi mo\u017enostmi.<\/p>\n<p>&nbsp;<\/p>\n<h3>Posl\u00e1n\u00ed<\/h3>\n<p>Na\u0161im posl\u00e1n\u00edm je b\u00fdt n\u00e1pomocni p\u0159i vytv\u00e1\u0159en\u00ed podm\u00ednek pro zdrav\u00fd v\u00fdvoj d\u011bt\u00ed, kter\u00e9 nemohou vyr\u016fstat s vlastn\u00edmi biologick\u00fdmi rodi\u010di, v n\u00e1hradn\u00edch rodin\u00e1ch (p\u011bstouni, poru\u010dn\u00edci) tak, aby d\u011bti na\u0161ly bezpe\u010d\u00ed a l\u00e1sku v n\u00e1hradn\u00edm rodinn\u00e9m prost\u0159ed\u00ed, kde budou z\u00e1rove\u0148 napl\u0148ov\u00e1na v\u0161echna jejich pr\u00e1va a pot\u0159eby. Toto posl\u00e1n\u00ed napl\u0148ujeme prost\u0159ednictv\u00edm setk\u00e1v\u00e1n\u00ed, doprov\u00e1zen\u00ed, poradenstv\u00ed, vzd\u011bl\u00e1v\u00e1n\u00ed p\u011bstoun\u016f a respitn\u00ed p\u00e9\u010de (v\u00fdlety, pobyty pro d\u011bti).<\/p>\n<p>&nbsp;<\/p>\n<h3>C\u00edle<\/h3>\n<p>Na\u0161\u00edm c\u00edlem je spokojen\u00e9 d\u00edt\u011b s napln\u011bn\u00fdmi pot\u0159ebami v rodinn\u00e9m prost\u0159ed\u00ed.<\/p>\n<p>&nbsp;<\/p>\n<h3>C\u00edlov\u00e1 skupina<\/h3>\n<p>V na\u0161\u00ed organizaci jsou z\u00e1kladn\u00ed c\u00edlovou skupinou osoby pe\u010duj\u00edc\u00ed a osoby v evidenci a d\u00edt\u011b sv\u011b\u0159en\u00e9 do p\u011bstounsk\u00e9 nebo poru\u010densk\u00e9 p\u00e9\u010de ve v\u011bku do 18 let, jejich\u017e bydli\u0161t\u011b je na <b>\u00fazem\u00ed Moravskoslezsk\u00e9ho kraje<\/b>.<br \/>\nDo \u0161ir\u0161\u00ed c\u00edlov\u00e9 skupiny spad\u00e1 ka\u017ed\u00e9 d\u00edt\u011b do 18 let podle \u00a78 z\u00e1kona o SPOD.<\/p>\n<p>Pokud do na\u0161\u00ed c\u00edlov\u00e9 supiny nespad\u00e1te, nebo je na\u0161e kapacita napln\u011bna, doporu\u010d\u00edme V\u00e1m jin\u00e9 organizace, kam se m\u016f\u017eete obr\u00e1tit.<\/p>\n<p>Pokud p\u011bstoun nejste, ale t\u0159eba V\u00e1s jen zaujala my\u0161lenka, nebo p\u0159em\u00fd\u0161l\u00edte o tom, \u017ee byste j\u00edm b\u00fdt mohli, r\u00e1di V\u00e1m pov\u00edme v\u0161e, co v\u00edme.<\/p>\n<p>&nbsp;<\/p>\n<h3>Z\u00e1sady na\u0161\u00ed pr\u00e1ce<\/h3>\n<ul>\n<li>Pracovn\u00edci postupuj\u00ed v souladu s <b><a href=\"http:\/\/www.donaruce.cz\/wp-content\/uploads\/Eticky-kodex-pracovnika-Do-naruce.pdf\" target=\"_blank\">Etick\u00fdm kodexem pracovn\u00edk\u016f organizace<\/a><\/b>.<\/li>\n<li><b>Pracovn\u00edci naslouchaj\u00ed<\/b> d\u011btem a tak\u00e9 klient\u016fm a respektuj\u00ed jejich n\u00e1zor.<\/li>\n<li>Spolupr\u00e1ce s klientem je postavena na principu <b>partnerstv\u00ed<\/b>.<\/li>\n<li>P\u0159edn\u00edm hlediskem je v souladu s \u010dl. 3 \u00damluvy o pr\u00e1vech d\u00edt\u011bte <b>z\u00e1jem d\u00edt\u011bte<\/b>, tj. Prim\u00e1rn\u00edm klientem je d\u00edt\u011b sv\u011b\u0159en\u00e9 do n\u00e1hradn\u00ed rodinn\u00e9 p\u00e9\u010de, a\u010dkoli kontrakt (Dohoda o v\u00fdkonu p\u011bstounsk\u00e9 p\u00e9\u010de) se uzav\u00edr\u00e1 s p\u011bstounem.<\/li>\n<li><b>Bezplatnost<\/b> \u2013 ve\u0161ker\u00e9 \u010dinnosti poskytovan\u00e9 v r\u00e1mci v\u00fdkonu SPOD jsou pro klienty bezplatn\u00e9. V p\u0159\u00edpad\u011b poskytov\u00e1n\u00ed n\u00e1kladn\u011bj\u0161\u00edch respitn\u00edch slu\u017eeb (nap\u0159. zahrani\u010dn\u00ed pobyt) je dle pot\u0159eby s p\u011bstouny dohodnuta finan\u010dn\u00ed spolu\u00fa\u010dast. Vzd\u011bl\u00e1v\u00e1n\u00ed u jin\u00e9 organizace si mohou \u010d\u00e1ste\u010dn\u011b platit p\u011bstouni.<\/li>\n<li><b>Profesionalita<\/b> \u2013 slu\u017eba je poskytov\u00e1na kvalifikovan\u00fdmi pracovn\u00edky.<\/li>\n<li><b>Individu\u00e1ln\u00ed p\u0159\u00edstup<\/b> \u2013 pracovn\u00edci respektuj\u00ed individu\u00e1ln\u00ed pot\u0159eby klient\u016f a d\u011bt\u00ed.<\/li>\n<li><b>Neutralita<\/b> &#8211; p\u0159i jedn\u00e1n\u00ed v rodin\u011b (s jednotliv\u00fdmi \u010dleny rodiny) zachov\u00e1v\u00e1 pracovn\u00edk neutr\u00e1ln\u00ed postoj.<\/li>\n<li><b>Zam\u011b\u0159en\u00ed na rodinu jako celek<\/b>.<\/li>\n<li><b>Nediskrimina\u010dn\u00ed p\u0159\u00edstup v\u016f\u010di v\u0161em klient\u016fm<\/b>, a to bez rozd\u00edlu pohlav\u00ed, rasy, barvy pleti, jazyka, v\u00edry, n\u00e1bo\u017eenstv\u00ed, politick\u00e9ho nebo jin\u00e9ho sm\u00fd\u0161len\u00ed, n\u00e1rodn\u00edho nebo soci\u00e1ln\u00edho p\u016fvodu, p\u0159\u00edslu\u0161nosti k n\u00e1rodnostn\u00ed nebo etnick\u00e9 men\u0161in\u011b, majetku, rodu, nebo jin\u00e9ho postaven\u00ed.<\/li>\n<li><b>Ml\u010denlivost a diskr\u00e9tnost<\/b> \u2013 bez souhlasu klienta nejsou poskytov\u00e1ny \u017e\u00e1dn\u00e9 informace t\u0159et\u00edm osob\u00e1m. V\u00fdjimkou je poskytnut\u00ed informac\u00ed, kter\u00e9 stanovuje z\u00e1kon \u010d. 108\/2006 SB., o soci\u00e1ln\u00edch slu\u017eb\u00e1ch nebo zvl\u00e1\u0161tn\u00ed z\u00e1kon (nap\u0159. \u00a7 128 z\u00e1kona \u010d. 99\/1963 Sb., ob\u010dansk\u00fd soudn\u00ed \u0159\u00e1d, ustanoven\u00ed \u00a7 10 odst. 4 a \u00a7 53 z\u00e1kona \u010d. 359\/1999 Sb. o soci\u00e1ln\u011b \u2013 pr\u00e1vn\u00ed ochran\u011b d\u011bt\u00ed, ve zn\u011bn\u00ed pozd\u011bj\u0161\u00edch p\u0159edpis\u016f), \u010di vy\u017e\u00e1d\u00e1n\u00ed informac\u00ed org\u00e1ny \u010dinn\u00fdmi v trestn\u00edm \u0159\u00edzen\u00ed a soudy dle \u00a7 8 trestn\u00edho \u0159\u00e1du. Klient je o poskytnut\u00ed t\u011bchto informac\u00ed v\u017edy informov\u00e1n.<\/li>\n<li><b>P\u0159izp\u016fsoben\u00ed komunikace klientovi<\/b> \u2013 tzn. veden\u00ed rozhovoru v takov\u00e9 podob\u011b, aby se p\u0159ede\u0161lo p\u0159\u00edpadn\u00fdm nedorozum\u011bn\u00edm. V p\u0159\u00edpad\u011b, \u017ee pracuje s d\u011btmi, informujeme je srozumiteln\u011b a p\u0159im\u011b\u0159en\u011b jejich v\u011bku tak, aby v\u0161emu dostate\u010dn\u011b rozum\u011bly.<\/li>\n<\/ul>\n<p>&nbsp;<\/p>\n<p>Doprov\u00e1zen\u00ed p\u011bstounsk\u00fdch rodin se v organizaci Do n\u00e1ru\u010de z.s. \u0159\u00edd\u00ed\u00a0standardy v\u00fdkonu soci\u00e1ln\u011b pr\u00e1vn\u00ed ochrany d\u011bt\u00ed, kter\u00e9 jsou k dispozici k nahl\u00e9dnut\u00ed u pracovn\u00edk\u016f organizace v kancel\u00e1\u0159\u00edch v Brunt\u00e1le: Jesenick\u00e1 5, Brunt\u00e1l (1. patro), v Opav\u011b: Peka\u0159sk\u00e1 85, Opava (p\u0159\u00edzem\u00ed), v Hlu\u010d\u00edn\u011b: Opavsk\u00e1 1868\/8a, Hlu\u010d\u00edn (1. patro).<\/p>\n<p>&nbsp;<\/p>\n<h3>Pr\u00e1va klient\u016f<\/h3>\n<ol>\n<li><b>Oblast osobn\u00ed svobody<\/b> &#8211; pr\u00e1vo na svobodu projevu, my\u0161len\u00ed, sv\u011bdom\u00ed, na svobodn\u00e9 rozhodnut\u00ed, n\u00e1bo\u017eensk\u00e9 vyzn\u00e1n\u00ed a na informace, pr\u00e1vo na d\u016fstojnost, na rodinn\u00fd \u017eivot.<\/li>\n<li><b>Oblast soukrom\u00ed<\/b> &#8211; pr\u00e1vo na nedotknutelnost obydl\u00ed, zachov\u00e1n\u00ed lidsk\u00e9 d\u016fstojnosti, dobr\u00e9 pov\u011bsti, na ochranu p\u0159ed neopr\u00e1vn\u011bn\u00fdm z\u00e1sahem do soukrom\u00ed a zve\u0159ej\u0148ov\u00e1n\u00edm osobn\u00edch \u00fadaj\u016f.<\/li>\n<li><b>Oblast pr\u00e1v d\u00edt\u011bte<\/b> &#8211; pr\u00e1vo vyj\u00e1d\u0159it sv\u016fj n\u00e1zor, pr\u00e1vo spolupod\u00edlet se na rozhodnut\u00edch t\u00fdkaj\u00edc\u00ed se jeho osoby.<\/li>\n<\/ol>\n<p>Chcete se o n\u00e1s dov\u011bd\u011bt v\u00edce? Na\u0161e <a href=\"http:\/\/www.donaruce.cz\/?page_id=979\/#vyrocka\">v\u00fdro\u010dn\u00ed zpr\u00e1vy<\/a> jsou V\u00e1m k dispozici.<\/p>\n","protected":false},"excerpt":{"rendered":"<p class=\"excerpt\">Jsme nov\u011b zalo\u017een\u00fd spolek (\u00fanor 2016), ve kter\u00e9m pracuj\u00ed zku\u0161en\u00ed pracovn\u00edci v oboru prov\u00e1zen\u00ed p\u011bstoun\u016f. Specializujeme se na doprov\u00e1zen\u00ed p\u011bstoun\u016f v r\u00e1mci Moravskoslezsk\u00e9ho kraje. Nab\u00edz\u00edme profesion\u00e1ln\u00ed, p\u0159\u00e1telsk\u00e9 a komplexn\u00ed slu\u017eby. Podpo\u0159\u00edme V\u00e1s na Va\u0161\u00ed cest\u011b p\u011bstouna. Poskytneme v\u0161e dle z\u00e1kona 359\/1999 o SPOD (akce pro d\u011bti;\u00a0soci\u00e1ln\u00ed, psychologick\u00e9 poradenstv\u00ed; pomoc p\u0159i kontaktu s biorodinou d\u00edt\u011bte;\u00a0vzd\u011bl\u00e1v\u00e1n\u00ed p\u011bstoun\u016f)\u00a0\u00a0 a je\u0161t\u011b v\u00edc. M\u00e1me zku\u0161enosti,&hellip; <a href=\"https:\/\/www.donaruce.cz\/?page_id=2\">Read more &rarr;<\/a><\/p>\n","protected":false},"author":1,"featured_media":0,"parent":0,"menu_order":0,"comment_status":"closed","ping_status":"open","template":"","meta":{"_monsterinsights_skip_tracking":false,"_monsterinsights_sitenote_active":false,"_monsterinsights_sitenote_note":"","_monsterinsights_sitenote_category":0,"footnotes":""},"class_list":["post-2","page","type-page","status-publish","hentry","xfolkentry"],"_links":{"self":[{"href":"https:\/\/www.donaruce.cz\/index.php?rest_route=\/wp\/v2\/pages\/2","targetHints":{"allow":["GET"]}}],"collection":[{"href":"https:\/\/www.donaruce.cz\/index.php?rest_route=\/wp\/v2\/pages"}],"about":[{"href":"https:\/\/www.donaruce.cz\/index.php?rest_route=\/wp\/v2\/types\/page"}],"author":[{"embeddable":true,"href":"https:\/\/www.donaruce.cz\/index.php?rest_route=\/wp\/v2\/users\/1"}],"replies":[{"embeddable":true,"href":"https:\/\/www.donaruce.cz\/index.php?rest_route=%2Fwp%2Fv2%2Fcomments&post=2"}],"version-history":[{"count":18,"href":"https:\/\/www.donaruce.cz\/index.php?rest_route=\/wp\/v2\/pages\/2\/revisions"}],"predecessor-version":[{"id":2015,"href":"https:\/\/www.donaruce.cz\/index.php?rest_route=\/wp\/v2\/pages\/2\/revisions\/2015"}],"wp:attachment":[{"href":"https:\/\/www.donaruce.cz\/index.php?rest_route=%2Fwp%2Fv2%2Fmedia&parent=2"}],"curies":[{"name":"wp","href":"https:\/\/api.w.org\/{rel}","templated":true}]}}