{"id":29,"date":"2016-07-19T13:47:47","date_gmt":"2016-07-19T12:47:47","guid":{"rendered":"http:\/\/www.donaruce.vs\/?page_id=29"},"modified":"2025-04-01T01:15:13","modified_gmt":"2025-04-01T00:15:13","slug":"informace-o-nahradni-rodinne-peci","status":"publish","type":"page","link":"https:\/\/www.donaruce.cz\/?page_id=29","title":{"rendered":"Informace o n\u00e1hradn\u00ed rodinn\u00e9 p\u00e9\u010di"},"content":{"rendered":"<p>&nbsp;<br \/>\n<b>POKUD JSTE DOSP\u011aLI K Z\u00c1V\u011aRU, \u017dE SE CHCETE ST\u00c1T P\u011aSTOUNEM, JE POSTUP TENTO:<\/b><\/p>\n<p>&nbsp;<br \/>\n<b>Prvn\u00ed cesta je na p\u0159\u00edslu\u0161n\u00fd odbor soci\u00e1ln\u011b-pr\u00e1vn\u00ed ochrany d\u011bt\u00ed ve va\u0161em m\u011bst\u011b.<\/b><br \/>\nJe l\u00e9pe si domluvit term\u00edn n\u00e1v\u0161t\u011bvy, proto\u017ee pracovnice si s V\u00e1mi bude cht\u00edt promluvit a podat V\u00e1m docela dost informac\u00ed o cel\u00e9m procesu. <\/p>\n<p>&nbsp;<br \/>\n<b>Pokud budete cht\u00edt pokra\u010dovat, je postup tento:<\/b><br \/>\n&nbsp;<br \/>\n<b>\u017d\u00e1dost o za\u0159azen\u00ed do evidence \u017eadatel\u016f<\/b> vhodn\u00fdch st\u00e1t se p\u011bstouny pod\u00e1te na obecn\u00edm \u00fa\u0159ad\u011b v m\u00edst\u011b Va\u0161eho trval\u00e9ho bydli\u0161t\u011b.<br \/>\n<b>Absolvujete speci\u00e1ln\u00ed \u0161kolen\u00ed i dal\u0161\u00ed vzd\u011bl\u00e1v\u00e1n\u00ed<\/b>, abyste byli dob\u0159e p\u0159ipraveni na n\u00e1ro\u010dnou pr\u00e1ci s d\u011btmi, kter\u00e9 maj\u00ed mnohdy velmi specifick\u00e9 pot\u0159eby.<br \/>\n<b>Pot\u00e9, co \u00fasp\u011b\u0161n\u011b projdete procesem prov\u011b\u0159en\u00ed a pro\u0161kolen\u00ed<\/b>, budete za\u0159azeni do evidence krajsk\u00e9ho \u00fa\u0159adu. Tento \u00fa\u0159ad vede z\u00e1rove\u0148 i evidenci d\u011bt\u00ed, pro kter\u00e9 se n\u00e1hradn\u00ed rodina hled\u00e1.<br \/>\n<b>Na tomto \u00fa\u0159ad\u011b se vyb\u00edraj\u00ed<\/b> pro d\u00edt\u011b nejvhodn\u011bj\u0161\u00ed n\u00e1hradn\u00ed rodi\u010de.<br \/>\n<b>Pokud budete ide\u00e1ln\u00edm kandid\u00e1tem pr\u00e1v\u011b Vy<\/b>, krajsk\u00fd \u00fa\u0159ad V\u00e1s kontaktuje, a v p\u0159\u00edpad\u011b Va\u0161eho z\u00e1jmu se budete moci s d\u00edt\u011btem sezn\u00e1mit. <b>Ve vhodnou chv\u00edli ho pak budete moci p\u0159iv\u00e9st do sv\u00e9 rodiny<\/b>.<\/p>\n<p>&nbsp;<br \/>\nV\u00edce informac\u00ed najdete na t\u011bchto str\u00e1nk\u00e1ch:<br \/>\n&nbsp;<br \/>\n<b>Pr\u00e1vo na d\u011btstv\u00ed<\/b> &#8211; <a href=\"http:\/\/www.pravonadetstvi.cz\/\" target=\"_blank\">http:\/\/www.pravonadetstvi.cz\/<\/a><\/p>\n<p><b>Hled\u00e1me rodi\u010de<\/b> &#8211; <a href=\"http:\/\/hledamerodice.cz\/\" target=\"_blank\">http:\/\/hledamerodice.cz\/<\/a><\/p>\n<p><b>Sdru\u017een\u00ed p\u011bstounsk\u00fdch rodin<\/b> &#8211; <a href=\"http:\/\/www.pestouni.cz\/\" target=\"_blank\">http:\/\/www.pestouni.cz\/<\/a><\/p>\n<p><b>Adopce.com &#8211; projekt n\u00e1hradn\u00ed rodinn\u00e9 p\u00e9\u010de<\/b> &#8211; <a href=\"http:\/\/www.adopce.com\/\" target=\"_blank\">http:\/\/www.adopce.com\/<\/a><\/p>\n<p><b>P\u011bstounsk\u00e1 p\u00e9\u010de na p\u0159echodnou dobu<\/b> &#8211; <a href=\"https:\/\/www.rpp.cz\/\" target=\"_blank\">https:\/\/www.rpp.cz\/<\/a><\/p>\n<p><b>St\u0159edisko n\u00e1hradn\u00ed rodinn\u00e9 p\u00e9\u010de<\/b> &#8211; <a href=\"http:\/\/www.nahradnirodina.cz\/\" target=\"_blank\">http:\/\/www.nahradnirodina.cz\/<\/a><\/p>\n","protected":false},"excerpt":{"rendered":"<p class=\"excerpt\">&nbsp; POKUD JSTE DOSP\u011aLI K Z\u00c1V\u011aRU, \u017dE SE CHCETE ST\u00c1T P\u011aSTOUNEM, JE POSTUP TENTO: &nbsp; Prvn\u00ed cesta je na p\u0159\u00edslu\u0161n\u00fd odbor soci\u00e1ln\u011b-pr\u00e1vn\u00ed ochrany d\u011bt\u00ed ve va\u0161em m\u011bst\u011b. Je l\u00e9pe si domluvit term\u00edn n\u00e1v\u0161t\u011bvy, proto\u017ee pracovnice si s V\u00e1mi bude cht\u00edt promluvit a podat V\u00e1m docela dost informac\u00ed o cel\u00e9m procesu. &nbsp; Pokud budete cht\u00edt pokra\u010dovat, je postup tento: &nbsp; \u017d\u00e1dost&hellip; <a href=\"https:\/\/www.donaruce.cz\/?page_id=29\">Read more &rarr;<\/a><\/p>\n","protected":false},"author":1,"featured_media":0,"parent":0,"menu_order":0,"comment_status":"closed","ping_status":"closed","template":"","meta":{"_monsterinsights_skip_tracking":false,"_monsterinsights_sitenote_active":false,"_monsterinsights_sitenote_note":"","_monsterinsights_sitenote_category":0,"footnotes":""},"class_list":["post-29","page","type-page","status-publish","hentry","xfolkentry"],"_links":{"self":[{"href":"https:\/\/www.donaruce.cz\/index.php?rest_route=\/wp\/v2\/pages\/29","targetHints":{"allow":["GET"]}}],"collection":[{"href":"https:\/\/www.donaruce.cz\/index.php?rest_route=\/wp\/v2\/pages"}],"about":[{"href":"https:\/\/www.donaruce.cz\/index.php?rest_route=\/wp\/v2\/types\/page"}],"author":[{"embeddable":true,"href":"https:\/\/www.donaruce.cz\/index.php?rest_route=\/wp\/v2\/users\/1"}],"replies":[{"embeddable":true,"href":"https:\/\/www.donaruce.cz\/index.php?rest_route=%2Fwp%2Fv2%2Fcomments&post=29"}],"version-history":[{"count":22,"href":"https:\/\/www.donaruce.cz\/index.php?rest_route=\/wp\/v2\/pages\/29\/revisions"}],"predecessor-version":[{"id":2016,"href":"https:\/\/www.donaruce.cz\/index.php?rest_route=\/wp\/v2\/pages\/29\/revisions\/2016"}],"wp:attachment":[{"href":"https:\/\/www.donaruce.cz\/index.php?rest_route=%2Fwp%2Fv2%2Fmedia&parent=29"}],"curies":[{"name":"wp","href":"https:\/\/api.w.org\/{rel}","templated":true}]}}