{"id":293,"date":"2017-02-17T13:01:09","date_gmt":"2017-02-17T12:01:09","guid":{"rendered":"http:\/\/www.donaruce.cz\/?page_id=293"},"modified":"2024-05-09T21:52:56","modified_gmt":"2024-05-09T20:52:56","slug":"sponzori","status":"publish","type":"page","link":"https:\/\/www.donaruce.cz\/?page_id=293","title":{"rendered":"Sponzo\u0159i"},"content":{"rendered":"<p>Budeme vd\u011b\u010dni za ka\u017ed\u00fd finan\u010dn\u00ed p\u0159\u00edsp\u011bvek.<\/p>\n<p>\u010c\u00edslo \u00fa\u010dtu u Fio banky 2000959843\/2010.<\/p>\n<p>&nbsp;<\/p>\n<h2>Pod\u011bkov\u00e1n\u00ed<\/h2>\n<p><div style=\"float: left; width: 65%\">D\u011bkujeme za sponzorsk\u00fd dar firm\u011b <b><a href=\"http:\/\/www.ibillboard.com\/\" target=\"_blank\">Internet Billboard, a.s.<\/a><\/b>, <br \/>kter\u00fd pomohl zlep\u0161it \u017eivot 12 p\u011bstounsk\u00fdm d\u011btem a splnit jim jejich p\u0159\u00e1n\u00ed.<\/div>\n<div style=\"float: right; width: 35%\"><a href=\"http:\/\/www.ibillboard.com\/\"><img decoding=\"async\" class=\"alignleft size-full wp-image-54\" title=\"Internet Billboard, a.s.\" src=\"http:\/\/www.donaruce.cz\/wp-content\/uploads\/BillBoard-logo.png\" alt=\"Internet Billboard, a.s.\" width=\"200\" height=\"\" \/><\/a><\/div>\n<p style=\"clear: both\">\n<p>&nbsp;<\/p>\n<h2>Dotace<\/h2>\n<p><b><a href=\"https:\/\/www.msk.cz\/\" target=\"_blank\">Moravskoslezsk\u00fd kraj<\/a><\/b> podpo\u0159il spolek <b>Do n\u00e1ru\u010de, z.s.<\/b> dotacemi na realizaci dvou projekt\u016f s n\u00e1zvy:<\/p>\n<div style=\"float: right; width: 45%\"><a href=\"https:\/\/www.msk.cz\/\" target=\"_blank\"><img decoding=\"async\" class=\"aligncenter size-full wp-image-54\" title=\"Moravskoslezsk\u00fd kraj\" src=\"https:\/\/www.donaruce.cz\/wp-content\/uploads\/Moravskoslezsky-kraj-oficialni.jpg\" alt=\"Moravskoslezsk\u00fd kraj\" width=\"200\" height=\"\" \/><\/a><b>Roz\u0161\u00ed\u0159en\u00ed informovanosti o NRP v r\u00e1mci ORP Brunt\u00e1l<\/b> (v r\u00e1mci titulu \u201e<a href=\"https:\/\/www.msk.cz\/cs\/temata\/dotace\/podminky-_-program-podpory-cinnosti-v-oblasti-rodinne-politiky--socialne-pravni-ochrany-deti-a-navazujicich-cinnosti-v-socialnich-sluzbach-na-rok-2024-16694\/\" rel=\"noopener\" target=\"_blank\">Podpora a rozvoj n\u00e1hradn\u00ed rodinn\u00e9 p\u00e9\u010de v Moravskoslezsk\u00e9m kraji v souladu s kampan\u00ed Dejme d\u011btem rodinu<\/a>\u201c)<\/div>\n<div style=\"float: right; width: 10%\">&nbsp;<\/div>\n<div style=\"float: right; width: 45%\"><a href=\"https:\/\/www.msk.cz\/\" target=\"_blank\"><img decoding=\"async\" class=\"aligncenter size-full wp-image-54\" title=\"Moravskoslezsk\u00fd kraj\" src=\"https:\/\/www.donaruce.cz\/wp-content\/uploads\/Moravskoslezsky-kraj-oficialni.jpg\" alt=\"Moravskoslezsk\u00fd kraj\" width=\"200\" height=\"\" \/><\/a><b>Podpu\u030arne\u0301 vrstevnicke\u0301 skupiny de\u030cti\u0301 v pe\u030cstounske\u0301 pe\u0301c\u030ci<\/b> (v r\u00e1mci titulu &#8220;<a href=\"https:\/\/www.msk.cz\/cs\/temata\/dotace\/podminky-_-program-podpory-cinnosti-v-oblasti-rodinne-politiky--socialne-pravni-ochrany-deti-a-navazujicich-cinnosti-v-socialnich-sluzbach-na-rok-2024-16694\/\" rel=\"noopener\" target=\"_blank\">Podpora a realizace c\u030cinnosti\u0301 zame\u030cr\u030ceny\u0301ch na prevenci vzniku patologicky\u0301ch jevu\u030a ve vztahove\u0301 problematice a c\u030cinnosti\u0301 se zame\u030cr\u030ceni\u0301m na dospi\u0301vaji\u0301ci\u0301 a mlade\u0301 dospe\u030cle\u0301, vc\u030cetne\u030c pomoci zdravotne\u030c postiz\u030ceny\u0301m<\/a>&#8220;)<\/div>\n<p style=\"clear: both\">\n","protected":false},"excerpt":{"rendered":"<p class=\"excerpt\">Budeme vd\u011b\u010dni za ka\u017ed\u00fd finan\u010dn\u00ed p\u0159\u00edsp\u011bvek. \u010c\u00edslo \u00fa\u010dtu u Fio banky 2000959843\/2010. &nbsp; Pod\u011bkov\u00e1n\u00ed D\u011bkujeme za sponzorsk\u00fd dar firm\u011b Internet Billboard, a.s., kter\u00fd pomohl zlep\u0161it \u017eivot 12 p\u011bstounsk\u00fdm d\u011btem a splnit jim jejich p\u0159\u00e1n\u00ed. &nbsp; Dotace Moravskoslezsk\u00fd kraj podpo\u0159il spolek Do n\u00e1ru\u010de, z.s. dotacemi na realizaci dvou projekt\u016f s n\u00e1zvy: Roz\u0161\u00ed\u0159en\u00ed informovanosti o NRP v r\u00e1mci ORP Brunt\u00e1l (v r\u00e1mci&hellip; <a href=\"https:\/\/www.donaruce.cz\/?page_id=293\">Read more &rarr;<\/a><\/p>\n","protected":false},"author":1,"featured_media":0,"parent":0,"menu_order":0,"comment_status":"closed","ping_status":"closed","template":"","meta":{"_monsterinsights_skip_tracking":false,"_monsterinsights_sitenote_active":false,"_monsterinsights_sitenote_note":"","_monsterinsights_sitenote_category":0,"footnotes":""},"class_list":["post-293","page","type-page","status-publish","hentry","xfolkentry"],"_links":{"self":[{"href":"https:\/\/www.donaruce.cz\/index.php?rest_route=\/wp\/v2\/pages\/293","targetHints":{"allow":["GET"]}}],"collection":[{"href":"https:\/\/www.donaruce.cz\/index.php?rest_route=\/wp\/v2\/pages"}],"about":[{"href":"https:\/\/www.donaruce.cz\/index.php?rest_route=\/wp\/v2\/types\/page"}],"author":[{"embeddable":true,"href":"https:\/\/www.donaruce.cz\/index.php?rest_route=\/wp\/v2\/users\/1"}],"replies":[{"embeddable":true,"href":"https:\/\/www.donaruce.cz\/index.php?rest_route=%2Fwp%2Fv2%2Fcomments&post=293"}],"version-history":[{"count":11,"href":"https:\/\/www.donaruce.cz\/index.php?rest_route=\/wp\/v2\/pages\/293\/revisions"}],"predecessor-version":[{"id":446,"href":"https:\/\/www.donaruce.cz\/index.php?rest_route=\/wp\/v2\/pages\/293\/revisions\/446"}],"wp:attachment":[{"href":"https:\/\/www.donaruce.cz\/index.php?rest_route=%2Fwp%2Fv2%2Fmedia&parent=293"}],"curies":[{"name":"wp","href":"https:\/\/api.w.org\/{rel}","templated":true}]}}