{"id":36,"date":"2016-07-19T13:51:10","date_gmt":"2016-07-19T12:51:10","guid":{"rendered":"http:\/\/www.donaruce.vs\/?page_id=36"},"modified":"2026-02-24T02:39:56","modified_gmt":"2026-02-24T01:39:56","slug":"kontakty-3","status":"publish","type":"page","link":"https:\/\/www.donaruce.cz\/?page_id=36","title":{"rendered":"Kontakty"},"content":{"rendered":"<p><b>Do n\u00e1ru\u010de, z.s.<\/b><\/p>\n<p><b>I\u010cO<\/b> 04696701<\/p>\n<p><b>\u010c\u00edslo \u00fa\u010dtu<\/b> u Fio banky: 2000959843\/2010<\/p>\n<p><b>Datov\u00e1 schr\u00e1nka:<\/b> aa7pvds<\/p>\n<table>\n<tbody>\n<tr>\n<td><b>Pracovn\u00edci<\/b><\/td>\n<td>Telefon<\/td>\n<td>E-mail<\/td>\n<td><\/td>\n<\/tr>\n<tr>\n<td>Mgr. Pavl\u00edna N\u011bmcov\u00e1<\/td>\n<td>775\u00a0045\u00a0303<\/td>\n<td><a href=\"mailto:donaruce@seznam.cz\">donaruce@seznam.cz<\/a>, <a href=\"mailto:nemcova@donaruce.cz\">nemcova@donaruce.cz<\/a><\/td>\n<td>\u0159editelka, psycholo\u017eka<\/td>\n<\/tr>\n<tr>\n<td>Mgr. Petr Zem\u00e1nek<\/td>\n<td>775 045 105<\/td>\n<td><a href=\"mailto:zemanek@donaruce.cz\">zemanek@donaruce.cz<\/a><\/td>\n<td>vedouc\u00ed soci\u00e1ln\u00ed pracovn\u00edk \/ kl\u00ed\u010dov\u00fd pracovn\u00edk<\/td>\n<\/tr>\n<tr>\n<td>Bc.\u00a0Lucie\u00a0Haren\u010d\u00e1kov\u00e1,\u00a0DiS.<\/td>\n<td>775 045 802<\/td>\n<td><a href=\"mailto:harencakova@donaruce.cz\">harencakova@donaruce.cz<\/a><\/td>\n<td>kl\u00ed\u010dov\u00e1 \/ soci\u00e1ln\u00ed pracovnice<\/td>\n<\/tr>\n<tr>\n<td>Bc. T\u00e1\u0148a Kirschner, DiS.<\/td>\n<td>775 045 242<\/td>\n<td><a href=\"mailto:kirschner@donaruce.cz\">kirschner@donaruce.cz<\/a><\/td>\n<td>kl\u00ed\u010dov\u00e1 \/ soci\u00e1ln\u00ed pracovnice<\/td>\n<\/tr>\n<tr>\n<td>Mgr.\u00a0Michaela\u00a0Minksov\u00e1<\/td>\n<td>775 045 363<\/td>\n<td><a href=\"mailto:minksova@donaruce.cz\">minksova@donaruce.cz<\/a><\/td>\n<td>kl\u00ed\u010dov\u00e1\u00a0\/ soci\u00e1ln\u00ed pracovnice<\/td>\n<\/tr>\n<tr>\n<td>Mgr.\u00a0X\u00e9nie\u00a0Peterkov\u00e1<\/td>\n<td>775 045 911<\/td>\n<td><a href=\"mailto:peterkova@donaruce.cz\">peterkova@donaruce.cz<\/a><\/td>\n<td>kl\u00ed\u010dov\u00e1\u00a0\/ soci\u00e1ln\u00ed pracovnice<\/td>\n<\/tr>\n<tr>\n<td>Ivana Raidov\u00e1<\/td>\n<td>775 045 903<\/td>\n<td><a href=\"mailto:raidova@donaruce.cz\">raidova@donaruce.cz<\/a><\/td>\n<td>doprovodn\u00e1 pracovnice<\/td>\n<\/tr>\n<tr>\n<td>Bc. Iveta Spev\u00e1kov\u00e1<\/td>\n<td>775 045 737<\/td>\n<td><a href=\"mailto:spevakova@donaruce.cz\">spevakova@donaruce.cz<\/a><\/td>\n<td>kl\u00ed\u010dov\u00e1 \/ soci\u00e1ln\u00ed pracovnice<\/td>\n<\/tr>\n<tr>\n<td>Mgr. Mark\u00e9ta Svobodov\u00e1<\/td>\n<td>775 045 325<\/td>\n<td><a href=\"mailto:svobodova@donaruce.cz\">svobodova@donaruce.cz<\/a><\/td>\n<td>kl\u00ed\u010dov\u00e1 \/ soci\u00e1ln\u00ed pracovnice<\/td>\n<\/tr>\n<tr>\n<td>Bc. Hana \u0160indlerov\u00e1<\/td>\n<td>775 045 336<\/td>\n<td><a href=\"mailto:sindlerova@donaruce.cz\">sindlerova@donaruce.cz<\/a><\/td>\n<td>kl\u00ed\u010dov\u00e1 \/ soci\u00e1ln\u00ed pracovnice<\/td>\n<\/tr>\n<tr>\n<td>Pavl\u00edna Vrbov\u00e1<\/td>\n<td>775 045 717<\/td>\n<td><a href=\"mailto:vrbova@donaruce.cz\">vrbova@donaruce.cz<\/a><\/td>\n<td>doprovodn\u00e1 pracovnice<\/td>\n<\/tr>\n<\/tbody>\n<\/table>\n<p><b>Spolupracuj\u00edc\u00ed psychologov\u00e9:<\/b><\/p>\n<ul>\n<li>Mgr. Silvie Quisov\u00e1, Ph.D.<\/li>\n<li>Mgr. et Mgr. V\u011bra Ne\u0161utov\u00e1<\/li>\n<\/ul>\n<h2>Kde n\u00e1s najdete:<\/h2>\n<ul>\n<li>s\u00eddlo a kancel\u00e1\u0159 v Brunt\u00e1le: Jesenick\u00e1 5, Brunt\u00e1l (1. patro) \u00a0 <a href=\"https:\/\/mapy.cz\/s\/U9j7\" target=\"_blank\" rel=\"noopener\"><img decoding=\"async\" title=\"Mapa\" src=\"https:\/\/www.donaruce.cz\/wp-content\/uploads\/ikona-mapa-mala.png\" alt=\"Mapa\" width=\"25\" \/><\/a><\/li>\n<li>kancel\u00e1\u0159 v Hlu\u010d\u00edn\u011b: Opavsk\u00e1 1868\/8a, Hlu\u010d\u00edn (1. patro) \u00a0 <a href=\"https:\/\/mapy.cz\/s\/gecevubage\" target=\"_blank\" rel=\"noopener\"><img decoding=\"async\" title=\"Mapa\" src=\"https:\/\/www.donaruce.cz\/wp-content\/uploads\/ikona-mapa-mala.png\" alt=\"Mapa\" width=\"25\" \/><\/a><\/li>\n<li>kancel\u00e1\u0159 v Opav\u011b: Peka\u0159sk\u00e1 85, Opava (p\u0159\u00edzem\u00ed) \u00a0 <a href=\"https:\/\/mapy.cz\/s\/U9r5\" target=\"_blank\" rel=\"noopener\"><img decoding=\"async\" title=\"Mapa\" src=\"https:\/\/www.donaruce.cz\/wp-content\/uploads\/ikona-mapa-mala.png\" alt=\"Mapa\" width=\"25\" \/><\/a><\/li>\n<\/ul>\n","protected":false},"excerpt":{"rendered":"<p class=\"excerpt\">Do n\u00e1ru\u010de, z.s. I\u010cO 04696701 \u010c\u00edslo \u00fa\u010dtu u Fio banky: 2000959843\/2010 Datov\u00e1 schr\u00e1nka: aa7pvds Pracovn\u00edci Telefon E-mail Mgr. Pavl\u00edna N\u011bmcov\u00e1 775\u00a0045\u00a0303 donaruce@seznam.cz, nemcova@donaruce.cz \u0159editelka, psycholo\u017eka Mgr. Petr Zem\u00e1nek 775 045 105 zemanek@donaruce.cz vedouc\u00ed soci\u00e1ln\u00ed pracovn\u00edk \/ kl\u00ed\u010dov\u00fd pracovn\u00edk Bc.\u00a0Lucie\u00a0Haren\u010d\u00e1kov\u00e1,\u00a0DiS. 775 045 802 harencakova@donaruce.cz kl\u00ed\u010dov\u00e1 \/ soci\u00e1ln\u00ed pracovnice Bc. T\u00e1\u0148a Kirschner, DiS. 775 045 242 kirschner@donaruce.cz kl\u00ed\u010dov\u00e1 \/ soci\u00e1ln\u00ed pracovnice Mgr.\u00a0Michaela\u00a0Minksov\u00e1&hellip; <a href=\"https:\/\/www.donaruce.cz\/?page_id=36\">Read more &rarr;<\/a><\/p>\n","protected":false},"author":1,"featured_media":0,"parent":0,"menu_order":0,"comment_status":"closed","ping_status":"closed","template":"","meta":{"_monsterinsights_skip_tracking":false,"_monsterinsights_sitenote_active":false,"_monsterinsights_sitenote_note":"","_monsterinsights_sitenote_category":0,"footnotes":""},"class_list":["post-36","page","type-page","status-publish","hentry","xfolkentry"],"_links":{"self":[{"href":"https:\/\/www.donaruce.cz\/index.php?rest_route=\/wp\/v2\/pages\/36","targetHints":{"allow":["GET"]}}],"collection":[{"href":"https:\/\/www.donaruce.cz\/index.php?rest_route=\/wp\/v2\/pages"}],"about":[{"href":"https:\/\/www.donaruce.cz\/index.php?rest_route=\/wp\/v2\/types\/page"}],"author":[{"embeddable":true,"href":"https:\/\/www.donaruce.cz\/index.php?rest_route=\/wp\/v2\/users\/1"}],"replies":[{"embeddable":true,"href":"https:\/\/www.donaruce.cz\/index.php?rest_route=%2Fwp%2Fv2%2Fcomments&post=36"}],"version-history":[{"count":95,"href":"https:\/\/www.donaruce.cz\/index.php?rest_route=\/wp\/v2\/pages\/36\/revisions"}],"predecessor-version":[{"id":2062,"href":"https:\/\/www.donaruce.cz\/index.php?rest_route=\/wp\/v2\/pages\/36\/revisions\/2062"}],"wp:attachment":[{"href":"https:\/\/www.donaruce.cz\/index.php?rest_route=%2Fwp%2Fv2%2Fmedia&parent=36"}],"curies":[{"name":"wp","href":"https:\/\/api.w.org\/{rel}","templated":true}]}}