{"id":979,"date":"2018-07-16T14:49:14","date_gmt":"2018-07-16T13:49:14","guid":{"rendered":"http:\/\/www.donaruce.cz\/?page_id=979"},"modified":"2025-06-27T04:22:37","modified_gmt":"2025-06-27T03:22:37","slug":"dulezite-dokumenty","status":"publish","type":"page","link":"https:\/\/www.donaruce.cz\/?page_id=979","title":{"rendered":"D\u016fle\u017eit\u00e9 dokumenty"},"content":{"rendered":"<p>&nbsp;<br \/>\n<span id=\"vyrocka\"><b>DOKUMENTY ke sta\u017een\u00ed:<\/b><\/span><\/p>\n<ul>\n<li><a href=\"http:\/\/www.donaruce.cz\/wp-content\/uploads\/Povereni.pdf\" target=\"_blank\">Pov\u011b\u0159en\u00ed ke SPOD<\/a><\/li>\n<li>V\u00fdro\u010dn\u00ed zpr\u00e1vy <a href=\"http:\/\/www.donaruce.cz\/wp-content\/uploads\/Vyrocni-zprava-2016-Do-naruce.pdf\" target=\"_blank\">2016<\/a>, <a href=\"http:\/\/www.donaruce.cz\/wp-content\/uploads\/Vyrocni-zprava-2017.pdf\" target=\"_blank\">2017<\/a>, <a href=\"http:\/\/www.donaruce.cz\/wp-content\/uploads\/Vyrocni-zprava-2018.pdf\" target=\"_blank\">2018<\/a>, <a href=\"http:\/\/www.donaruce.cz\/wp-content\/uploads\/Vyrocni-zprava-2019.pdf\" target=\"_blank\">2019<\/a>, <a href=\"http:\/\/www.donaruce.cz\/wp-content\/uploads\/Vyrocni-zprava-2020.pdf\" target=\"_blank\">2020<\/a>, <a href=\"http:\/\/www.donaruce.cz\/wp-content\/uploads\/Vyrocni-zprava-2021.pdf\" target=\"_blank\">2021<\/a>, <a href=\"http:\/\/www.donaruce.cz\/wp-content\/uploads\/Vyrocni-zprava-2022.pdf\" target=\"_blank\">2022<\/a>, <a href=\"http:\/\/www.donaruce.cz\/wp-content\/uploads\/Vyrocni-zprava-2023.pdf\" target=\"_blank\">2023<\/a>, <a href=\"http:\/\/www.donaruce.cz\/wp-content\/uploads\/Vyrocni-zprava-2024.pdf\" target=\"_blank\">2024<\/a><\/li>\n<li><a href=\"http:\/\/www.donaruce.cz\/wp-content\/uploads\/Eticky-kodex-pracovnika-Do-naruce.pdf\" target=\"_blank\">Etick\u00fd kodex<\/a><\/li>\n<li><a href=\"http:\/\/www.donaruce.cz\/wp-content\/uploads\/Pouceni-klienta-o-nakladani-s-osobnimi-udaji.docx\" target=\"_blank\">Pou\u010den\u00ed klienta o zpracov\u00e1n\u00ed osobn\u00edch \u00fadaj\u016f<\/a><\/li>\n<li><a href=\"http:\/\/www.donaruce.cz\/wp-content\/uploads\/Mapy-systemu-pisemne-zpracovanych-vnitrnich-pravidel.pdf\" target=\"_blank\">Mapa standard\u016f kvality SPOD<\/a><\/li>\n<li><a href=\"http:\/\/www.donaruce.cz\/wp-content\/uploads\/Pravidla-pro-podavani-stiznosti-pro-klienty.pdf\" target=\"_blank\">Informace k pod\u00e1v\u00e1n\u00ed st\u00ed\u017enost\u00ed<\/a> + <a href=\"http:\/\/www.donaruce.cz\/wp-content\/uploads\/Formular-pro-podani-stiznosti.docx\" target=\"_blank\">formul\u00e1\u0159 ke sta\u017een\u00ed<\/a><\/li>\n<li><a href=\"http:\/\/www.donaruce.cz\/wp-content\/uploads\/Dohoda-o-vykonu-PP-nova.pdf\" target=\"_blank\">Dohoda o v\u00fdkonu PP<\/a><\/li>\n<li><a href=\"http:\/\/www.donaruce.cz\/wp-content\/uploads\/Zadost-o-vyplaceni-prispevku-na-respitni-akci-ditete.docx\" target=\"_blank\">\u017d\u00e1dost o vyplacen\u00ed p\u0159\u00edsp\u011bvku na respitn\u00ed akci d\u00edt\u011bte<\/a><\/li>\n<li><a href=\"http:\/\/www.donaruce.cz\/wp-content\/uploads\/Zadost-o-zajisteni-hlidani-ditete-organizaci.docx\" target=\"_blank\">\u017d\u00e1dost o zaji\u0161t\u011bn\u00ed hl\u00edd\u00e1n\u00ed<\/a><\/li>\n<li><a href=\"http:\/\/www.donaruce.cz\/wp-content\/uploads\/Zadost-o-proplaceni-hlidani-fyzickou-osobou.docx\" target=\"_blank\">\u017d\u00e1dost o proplacen\u00ed hl\u00edd\u00e1n\u00ed fyzickou osobou<\/a><\/li>\n<li><a href=\"http:\/\/www.donaruce.cz\/wp-content\/uploads\/Zadost-o-proplaceni-vzdelavani-pestouna.docx\" target=\"_blank\">\u017d\u00e1dost o proplacen\u00ed vzd\u011bl\u00e1v\u00e1n\u00ed p\u011bstouna<\/a><\/li>\n<\/ul>\n","protected":false},"excerpt":{"rendered":"<p class=\"excerpt\">&nbsp; DOKUMENTY ke sta\u017een\u00ed: Pov\u011b\u0159en\u00ed ke SPOD V\u00fdro\u010dn\u00ed zpr\u00e1vy 2016, 2017, 2018, 2019, 2020, 2021, 2022, 2023, 2024 Etick\u00fd kodex Pou\u010den\u00ed klienta o zpracov\u00e1n\u00ed osobn\u00edch \u00fadaj\u016f Mapa standard\u016f kvality SPOD Informace k pod\u00e1v\u00e1n\u00ed st\u00ed\u017enost\u00ed + formul\u00e1\u0159 ke sta\u017een\u00ed Dohoda o v\u00fdkonu PP \u017d\u00e1dost o vyplacen\u00ed p\u0159\u00edsp\u011bvku na respitn\u00ed akci d\u00edt\u011bte \u017d\u00e1dost o zaji\u0161t\u011bn\u00ed hl\u00edd\u00e1n\u00ed \u017d\u00e1dost o proplacen\u00ed hl\u00edd\u00e1n\u00ed fyzickou osobou&hellip; <a href=\"https:\/\/www.donaruce.cz\/?page_id=979\">Read more &rarr;<\/a><\/p>\n","protected":false},"author":1,"featured_media":0,"parent":0,"menu_order":0,"comment_status":"closed","ping_status":"closed","template":"","meta":{"_monsterinsights_skip_tracking":false,"_monsterinsights_sitenote_active":false,"_monsterinsights_sitenote_note":"","_monsterinsights_sitenote_category":0,"footnotes":""},"class_list":["post-979","page","type-page","status-publish","hentry","xfolkentry"],"_links":{"self":[{"href":"https:\/\/www.donaruce.cz\/index.php?rest_route=\/wp\/v2\/pages\/979","targetHints":{"allow":["GET"]}}],"collection":[{"href":"https:\/\/www.donaruce.cz\/index.php?rest_route=\/wp\/v2\/pages"}],"about":[{"href":"https:\/\/www.donaruce.cz\/index.php?rest_route=\/wp\/v2\/types\/page"}],"author":[{"embeddable":true,"href":"https:\/\/www.donaruce.cz\/index.php?rest_route=\/wp\/v2\/users\/1"}],"replies":[{"embeddable":true,"href":"https:\/\/www.donaruce.cz\/index.php?rest_route=%2Fwp%2Fv2%2Fcomments&post=979"}],"version-history":[{"count":39,"href":"https:\/\/www.donaruce.cz\/index.php?rest_route=\/wp\/v2\/pages\/979\/revisions"}],"predecessor-version":[{"id":2028,"href":"https:\/\/www.donaruce.cz\/index.php?rest_route=\/wp\/v2\/pages\/979\/revisions\/2028"}],"wp:attachment":[{"href":"https:\/\/www.donaruce.cz\/index.php?rest_route=%2Fwp%2Fv2%2Fmedia&parent=979"}],"curies":[{"name":"wp","href":"https:\/\/api.w.org\/{rel}","templated":true}]}}